{"id":211,"date":"2010-02-26T16:11:23","date_gmt":"2010-02-26T14:11:23","guid":{"rendered":"http:\/\/www.marcel-aulbach.de\/hzfms\/?page_id=211"},"modified":"2022-02-03T18:04:47","modified_gmt":"2022-02-03T16:04:47","slug":"impressum-2","status":"publish","type":"page","link":"https:\/\/www.hochzeitsfotograf-muenster.de\/?page_id=211","title":{"rendered":"Impressum"},"content":{"rendered":"<p><em>Christian Beck<\/em><br \/>\nGriegweg 16<br \/>\n48147 M\u00fcnster<\/p>\n<p>Tel.: 0151-21218238<br \/>\nE-Mail: <a href=\"mailto:christian@hochzeitsfotograf-muenster.de\">christian@hochzeitsfotograf-muenster.de<\/a><\/p>\n<p>Gem\u00e4\u00df \u00a7 19 UStG greift die Kleinunternehmer-Regelung bei beiden im Impressum genannten Personen.<br \/>\nAnmeldungen\/Eintragungen bei der HwK M\u00fcnster sowie der BG ETEM liegen vor.<\/p>\n<p>Verantwortlich f\u00fcr die Internet Seite (<a href=\"http:\/\/www.hochzeitsfotograf-muenster.de\" target=\"_blank\" rel=\"noopener\">www.hochzeitsfotograf-muenster.de<\/a>), die Arbeiten und deren Ausf\u00fchrung (Fotografien) sind Marcel R. Aulbach und Christian Beck.<\/p>\n<p>Wir weisen hier ausdr\u00fccklich auf das Copyright aller Arbeiten hin.<\/p>\n<p><strong>Nutzungsbedingungen und Haftungsausschlu\u00df<\/strong><\/p>\n<p><strong>Inhalt des Onlineangebotes<\/strong><br \/>\nAlle Angebote sind freibleibend und unverbindlich. Die Autoren behalten es sich ausdr\u00fccklich vor, Teile der Seiten oder das gesamte Angebot ohne gesonderte Ank\u00fcndigung zu ver\u00e4ndern, zu erg\u00e4nzen, zu l\u00f6schen oder die Ver\u00f6ffentlichung zeitweise oder endg\u00fcltig einzustellen.<\/p>\n<p><strong>Copyright<\/strong><br \/>\nDas Copyright an s\u00e4mtlichen Inhalten auf dieser Webseite liegt ausschlie\u00dflich bei den Betreibern dieser Website (Marcel R. Aulbach, Christian Beck), unabh\u00e4ngig davon, ob die Abbildungen entsprechend gekennzeichnet sind oder nicht. Jede nicht authorisierte Verwendung &#8211; egal ob kommerziell oder nicht kommerziell &#8211; ist ohne die ausdr\u00fcckliche Genehmigung des Autors nicht gestattet und kann und wird gegebenenfalls rechtlich verfolgt. Dieses bezieht sich im Besonderen auch auf das illegale Kopieren und Nutzen &#8211; egal ob in elektronischen oder gedruckten Publikationen &#8211; der auf dieser Website gezeigten Bilder und Fotografien.<\/p>\n<p>In diesem Zusammenhang sind wir auf alle Hinweise \u00fcber unrechtm\u00e4\u00dfig genutztes Material dankbar.<br \/>\nF\u00fcr eine Genehmigung kontaktieren Sie uns!<\/p>\n<p><strong>Verweise und Links<\/strong><br \/>\nDie Autoren erkl\u00e4ren ausdr\u00fccklich, dass zum Zeitpunkt der Linksetzung die entsprechenden verlinkten Seiten frei von illegalen Inhalten waren. Die Autoren haben keinerlei Einfluss auf die aktuelle und zuk\u00fcnftige Gestaltung sowie auf die Inhalte der gelinkten\/verkn\u00fcpften Seiten. Deshalb distanzieren sie sich hiermit ausdr\u00fccklich von allen Inhalten aller gelinkten\/verkn\u00fcpften Seiten, die nach der Linksetzung ver\u00e4ndert wurden.<\/p>\n<p><strong> Google Analytics<\/strong><br \/>\nUnsere Homepage benutzt Google Analytics, einen Webanalysedienst von Google. Google Analytics verwendet so genannte Cookies (kleine Textdateien), die auf Ihrem Computer gespeichert werden und die eine Analyse der Benutzung der Website durch Sie erm\u00f6glichen. Die durch die Cookies erzeugten Informationen \u00fcber Ihre Benutzung dieser Homepage (einschlie\u00dflich Ihrer IP-Adresse) werden an einen Server von Google in den USA \u00fcbertragen und dort gespeichert. Google wird diese Informationen benutzen, um Reports \u00fcber die Websiteaktivit\u00e4ten f\u00fcr die Homepage-Betreiber zusammenzustellen und um weitere mit der Websitenutzung und der Internetnutzung verbundene Dienstleistungen zu erbringen. Auch wird Google diese Informationen gegebenenfalls an Dritte \u00fcbertragen, sofern dieses gesetzlich vorgeschrieben ist oder soweit Dritte diese Daten im Auftrag von Google verarbeiten. Google wird in keinem Fall Ihre IP-Adresse mit anderen Daten von Google in Verbindung bringen. Sie k\u00f6nnen die Installation der Cookies durch eine entsprechende Einstellung in Ihrer Browser-Software verhindern. Durch die Nutzung unserer Homepage erkl\u00e4ren Sie sich mit der Bearbeitung, der \u00fcber Sie erhobenen Daten durch Google, in der zuvor beschriebenen Art und Weise und zu dem zuvor benannten Zweck einverstanden.<\/p>\n","protected":false},"excerpt":{"rendered":"<p>Christian Beck Griegweg 16 48147 M\u00fcnster Tel.: 0151-21218238 E-Mail: christian@hochzeitsfotograf-muenster.de Gem\u00e4\u00df \u00a7 19 UStG greift die Kleinunternehmer-Regelung bei beiden im Impressum genannten Personen. Anmeldungen\/Eintragungen bei der HwK M\u00fcnster sowie der BG ETEM liegen vor. Verantwortlich f\u00fcr die Internet Seite (www.hochzeitsfotograf-muenster.de), die Arbeiten und deren Ausf\u00fchrung (Fotografien) sind Marcel R. Aulbach und Christian Beck. Wir weisen [&hellip;]<\/p>\n","protected":false},"author":1,"featured_media":0,"parent":0,"menu_order":6,"comment_status":"closed","ping_status":"open","template":"","meta":{"_monsterinsights_skip_tracking":false,"_monsterinsights_sitenote_active":false,"_monsterinsights_sitenote_note":"","_monsterinsights_sitenote_category":0,"footnotes":""},"class_list":["post-211","page","type-page","status-publish","hentry"],"aioseo_notices":[],"_links":{"self":[{"href":"https:\/\/www.hochzeitsfotograf-muenster.de\/index.php?rest_route=\/wp\/v2\/pages\/211","targetHints":{"allow":["GET"]}}],"collection":[{"href":"https:\/\/www.hochzeitsfotograf-muenster.de\/index.php?rest_route=\/wp\/v2\/pages"}],"about":[{"href":"https:\/\/www.hochzeitsfotograf-muenster.de\/index.php?rest_route=\/wp\/v2\/types\/page"}],"author":[{"embeddable":true,"href":"https:\/\/www.hochzeitsfotograf-muenster.de\/index.php?rest_route=\/wp\/v2\/users\/1"}],"replies":[{"embeddable":true,"href":"https:\/\/www.hochzeitsfotograf-muenster.de\/index.php?rest_route=%2Fwp%2Fv2%2Fcomments&post=211"}],"version-history":[{"count":38,"href":"https:\/\/www.hochzeitsfotograf-muenster.de\/index.php?rest_route=\/wp\/v2\/pages\/211\/revisions"}],"predecessor-version":[{"id":1077,"href":"https:\/\/www.hochzeitsfotograf-muenster.de\/index.php?rest_route=\/wp\/v2\/pages\/211\/revisions\/1077"}],"wp:attachment":[{"href":"https:\/\/www.hochzeitsfotograf-muenster.de\/index.php?rest_route=%2Fwp%2Fv2%2Fmedia&parent=211"}],"curies":[{"name":"wp","href":"https:\/\/api.w.org\/{rel}","templated":true}]}}